{"id":9814,"date":"2017-09-13T14:04:00","date_gmt":"2017-09-13T12:04:00","guid":{"rendered":"https:\/\/qah.koeln\/rental\/tanzatelier-q-11\/occupancy-schedule\/"},"modified":"2025-12-14T17:44:11","modified_gmt":"2025-12-14T16:44:11","slug":"occupancy-schedule","status":"publish","type":"page","link":"https:\/\/qah.koeln\/en\/rental\/tanzatelier-q-11\/occupancy-schedule\/","title":{"rendered":"Occupancy schedule"},"content":{"rendered":"\n<p><\/p>\n<h2 class=\"wp-block-heading\" id=\"room-usage\">Room usage<\/h2>\n<p>Quartier am Hafen offers Studio 0.11 for rehearsals, workshops, courses, and showcases of choreographic work processes. It also includes the use of showers and toilets. Please send your binding rental request directly to this email address:  <br \/><a href=\"https:\/\/ox.hosteurope.de\/appsuite\/#\" target=\"_blank\" rel=\"noopener\">anmietung-studio11@qah.koeln<\/a><\/p>\n\n<p><strong>Please take a look at our occupancy schedule online beforehand.<\/strong><\/p>\n\n<p>Dance studio 0.11 is 130m\u00b2 in size, of which 100m\u00b2 have a sprung floor. The studio has a stereo system with a cable for laptop or cell phone, a mirrored wall, ballet barres, table and chairs, as well as a changing area. The studio is mainly used for dance projects of the independent scene, workshops, courses and shorter rehearsal periods. The room is accessed via an access code for the main door and a key box.   <\/p>\n\n<p>There is no reception staff on site.<\/p>\n\n<p><strong>Rental rates:<\/strong><\/p>\n\n<p><strong>Courses, workshops<\/strong> <strong>and rehearsals with a commercial purpose<\/strong><br \/>up to 10 hours\/calendar month: \u20ac22.50\/hour<br \/>from 10.5 hours\/calendar month: \u20ac18.00\/hour<\/p>\n\n<p><strong><br \/>Rehearsals for projects by freelance dance artists, without commercial purpose<\/strong><br \/>up to 10 hours\/calendar month: \u20ac10.00\/hour<br \/>from 10.5 hours\/calendar month: \u20ac8.50\/hour<\/p>\n\n<p class=\"has-large-font-size\">Rentals<\/p>\n\n<p>To rent the room, please send me the following information:<\/p>\n\n<ul class=\"wp-block-list\">\n<li>Name <\/li>\n\n\n\n<li>Address<\/li>\n\n\n\n<li>Phone<\/li>\n\n\n\n<li>Purpose (rehearsals or courses\/workshops, if applicable, title of the project)<\/li>\n\n\n\n<li>Period (date and exact times)<\/li>\n<\/ul>\n\n<p>If you are <span style=\"text-decoration: underline\">renting the studio for the first time<\/span>, please send information about yourself, e.g. your website or a social media profile, and telephone number. The initial request can be completed once a telephone conversation or a personal meeting has taken place at the Quartier.<\/p>\n\n<p>We only accept binding rental requests that are received at least two weeks in advance.<\/p>\n\n<p>The requests are processed once a week, usually on Tuesdays.<\/p>\n\n<p>If the requested period is still available, we will send you the rental agreement by email. You will receive the access codes as soon as the contract is signed. <\/p>\n\n<p>Please do not hesitate to contact me if you have any further questions.<br \/><a href=\"mailto:anmietung-studio11@qah.koeln\" data-type=\"mailto\" data-id=\"mailto:anmietung-studio11@qah.koeln.\">SEND EMAIL<\/a><\/p>\n\n<p><\/p>\n\n<figure class=\"wp-block-pullquote\"><blockquote><p><strong>VINYASA YOGA<\/strong><br \/>IN <strong>STUDIO Q11<\/strong><\/p><cite><br \/><em>(almost) every Wednesday 18:15-19:<\/em>45<br \/>Price: 15 EUR \/ class<br \/>Yoga matts are provided!<br \/>For contacting and for more info, please check out <strong><a href=\"https:\/\/www.facebook.com\/adam.ster.9\" data-type=\"URL\" data-id=\"https:\/\/www.facebook.com\/adam.ster.9\" target=\"_blank\" rel=\"noreferrer noopener\">Adam Ster<\/a><\/strong> Yoga on Facebook, or simply come by!<\/cite><\/blockquote><\/figure>\n\n<figure class=\"wp-block-pullquote\"><blockquote><p><strong>MAISHA MOVES ! OPEN DANCE JAM<\/strong> <br \/>BASED ON WEST AFRICAN DANCE<br \/><strong>IN STUDIO Q11<\/strong><\/p><cite>ONCE A MONTH<br \/>Thursdays: 25.9. \/ 9.10. \/ 6.11. and 4.12.2025<br \/>Registration directly with <a href=\"mailto:alice@maishamoves.de\">Alice V\u00f6llings<\/a>   <\/cite><\/blockquote><\/figure>\n<h6 class=\"wp-block-heading\" id=\"\"><\/h6>\n<p><\/p>\n","protected":false},"excerpt":{"rendered":"<p>Room usage Quartier am Hafen offers Studio 0.11 for rehearsals, workshops, courses, and showcases of choreographic work processes. It also includes the use of showers and toilets. Please send your [&hellip;]<\/p>\n","protected":false},"author":3,"featured_media":0,"parent":9657,"menu_order":0,"comment_status":"closed","ping_status":"closed","template":"","meta":{"_acf_changed":false,"_coblocks_attr":"","_coblocks_dimensions":"","_coblocks_responsive_height":"","_coblocks_accordion_ie_support":"","_EventAllDay":false,"_EventTimezone":"","_EventStartDate":"","_EventEndDate":"","_EventStartDateUTC":"","_EventEndDateUTC":"","_EventShowMap":false,"_EventShowMapLink":false,"_EventURL":"","_EventCost":"","_EventCostDescription":"","_EventCurrencySymbol":"","_EventCurrencyCode":"","_EventCurrencyPosition":"","_EventDateTimeSeparator":"","_EventTimeRangeSeparator":"","_EventOrganizerID":[],"_EventVenueID":[],"_OrganizerEmail":"","_OrganizerPhone":"","_OrganizerWebsite":"","_VenueAddress":"","_VenueCity":"","_VenueCountry":"","_VenueProvince":"","_VenueState":"","_VenueZip":"","_VenuePhone":"","_VenueURL":"","_VenueStateProvince":"","_VenueLat":"","_VenueLng":"","_VenueShowMap":false,"_VenueShowMapLink":false,"footnotes":""},"class_list":["post-9814","page","type-page","status-publish","hentry"],"acf":[],"jetpack_sharing_enabled":true,"jetpack-related-posts":[{"id":9891,"url":"https:\/\/qah.koeln\/en\/occupancy-schedule-studio-0-11\/","url_meta":{"origin":9814,"position":0},"title":"Occupancy schedule Studio 0.11","author":"Quartier am Hafen","date":"9. September 2017","format":false,"excerpt":"The dance studio 0.11 in Quartier am Hafen is primarily rented for rehearsal and production phases by freelance dance artists and for dance workshops and courses. The dance studio 0.11 is 130m\u00b2, of which 100m\u00b2 have a sprung and gray dance floor, and has a changing area and a kitchenette.\u2026","rel":"","context":"Similar post","block_context":{"text":"Similar post","link":""},"img":{"alt_text":"","src":"","width":0,"height":0},"classes":[]},{"id":9657,"url":"https:\/\/qah.koeln\/en\/rental\/tanzatelier-q-11\/","url_meta":{"origin":9814,"position":1},"title":"Tanzatelier Q.11","author":"Ben","date":"21. May 2025","format":false,"excerpt":"Would you like to rent our dance studio for rehearsals or workshops? You can find all the important information here. If you have any questions, we're happy to help! Atelier 0.11 The studio is primarily available for shorter rehearsal periods, workshops, and courses. 100m\u00b2 sprung floor | 130 m\u00b2 area\u2026","rel":"","context":"Similar post","block_context":{"text":"Similar post","link":""},"img":{"alt_text":"","src":"https:\/\/i0.wp.com\/qah.koeln\/wp-content\/uploads\/2025\/06\/Foto-Atelier-0.11.jpeg?resize=350%2C200&ssl=1","width":350,"height":200,"srcset":"https:\/\/i0.wp.com\/qah.koeln\/wp-content\/uploads\/2025\/06\/Foto-Atelier-0.11.jpeg?resize=350%2C200&ssl=1 1x, https:\/\/i0.wp.com\/qah.koeln\/wp-content\/uploads\/2025\/06\/Foto-Atelier-0.11.jpeg?resize=525%2C300&ssl=1 1.5x, https:\/\/i0.wp.com\/qah.koeln\/wp-content\/uploads\/2025\/06\/Foto-Atelier-0.11.jpeg?resize=700%2C400&ssl=1 2x, https:\/\/i0.wp.com\/qah.koeln\/wp-content\/uploads\/2025\/06\/Foto-Atelier-0.11.jpeg?resize=1050%2C600&ssl=1 3x, https:\/\/i0.wp.com\/qah.koeln\/wp-content\/uploads\/2025\/06\/Foto-Atelier-0.11.jpeg?resize=1400%2C800&ssl=1 4x"},"classes":[]},{"id":9809,"url":"https:\/\/qah.koeln\/en\/dance-studio-occupancy-plan\/","url_meta":{"origin":9814,"position":2},"title":"Dance studio occupancy plan","author":"Quartier am Hafen","date":"14. September 2017","format":false,"excerpt":"[em-full-calendar start_after=\"2017-01-01\" date_type=\"1\" categories=\"134\"]","rel":"","context":"Similar post","block_context":{"text":"Similar post","link":""},"img":{"alt_text":"","src":"","width":0,"height":0},"classes":[]},{"id":9742,"url":"https:\/\/qah.koeln\/en\/dance\/","url_meta":{"origin":9814,"position":3},"title":"Dance","author":"Quartier am Hafen","date":"9. September 2017","format":false,"excerpt":"DANCE STUDIOS The Quartier am Hafen offers two studios for rehearsal and production times, workshops, courses, shows of work processes, including the use of changing rooms, showers and WC, tea kitchen and lounge. Please send binding rental requests by email to anmietung-studio11@qah.koeln. Please take a look at our booking schedule\u2026","rel":"","context":"Similar post","block_context":{"text":"Similar post","link":""},"img":{"alt_text":"","src":"","width":0,"height":0},"classes":[]},{"id":9556,"url":"https:\/\/qah.koeln\/en\/residency-program\/","url_meta":{"origin":9814,"position":4},"title":"RESIDENCY PROGRAM","author":"Ben","date":"17. December 2024","format":false,"excerpt":"re:stART - exchange, connect, reflectTo further expand and professionalize the residency program at Quartier am Hafen, we have been receiving funding from the RheinenergieStiftung Kultur since 2024. Under the title re:stART \u2013 connect, exchange, reflect, we are initially planning to cooperate with other international partners this year in order to\u2026","rel":"","context":"Similar post","block_context":{"text":"Similar post","link":""},"img":{"alt_text":"","src":"https:\/\/i0.wp.com\/qah.koeln\/wp-content\/uploads\/2025\/01\/Kunststiftung-NRW_Logo-300x200.jpg?resize=350%2C200&ssl=1","width":350,"height":200},"classes":[]},{"id":1287,"url":"https:\/\/qah.koeln\/schedule\/","url_meta":{"origin":9814,"position":5},"title":"Belegungsplan Atelier 0.11","author":"Quartier am Hafen","date":"9. September 2017","format":false,"excerpt":"Das Tanzatelier 0.11 im Quartier am Hafen wird in erster Linie f\u00fcr Proben- und Produktionsphasen von freischaffenden Tanzk\u00fcnstler*innen sowie f\u00fcr Tanzworkshops und Kurse vermietet. Das Tanzatelier 0.11 ist 130m\u00b2 gro\u00df, davon 100m\u00b2 mit Schwing- und grauen Tanzboden, und verf\u00fcgt \u00fcber einen Umkleidebereich und eine Teek\u00fcche. Dusche und WC im Flur\u2026","rel":"","context":"Similar post","block_context":{"text":"Similar post","link":""},"img":{"alt_text":"","src":"","width":0,"height":0},"classes":[]}],"_links":{"self":[{"href":"https:\/\/qah.koeln\/en\/wp-json\/wp\/v2\/pages\/9814","targetHints":{"allow":["GET"]}}],"collection":[{"href":"https:\/\/qah.koeln\/en\/wp-json\/wp\/v2\/pages"}],"about":[{"href":"https:\/\/qah.koeln\/en\/wp-json\/wp\/v2\/types\/page"}],"author":[{"embeddable":true,"href":"https:\/\/qah.koeln\/en\/wp-json\/wp\/v2\/users\/3"}],"replies":[{"embeddable":true,"href":"https:\/\/qah.koeln\/en\/wp-json\/wp\/v2\/comments?post=9814"}],"version-history":[{"count":0,"href":"https:\/\/qah.koeln\/en\/wp-json\/wp\/v2\/pages\/9814\/revisions"}],"up":[{"embeddable":true,"href":"https:\/\/qah.koeln\/en\/wp-json\/wp\/v2\/pages\/9657"}],"wp:attachment":[{"href":"https:\/\/qah.koeln\/en\/wp-json\/wp\/v2\/media?parent=9814"}],"curies":[{"name":"wp","href":"https:\/\/api.w.org\/{rel}","templated":true}]}}